{"id":5870,"date":"2022-05-03T18:45:53","date_gmt":"2022-05-03T18:45:53","guid":{"rendered":"https:\/\/academiaschimbarii.ro\/?page_id=5870"},"modified":"2023-08-11T17:50:23","modified_gmt":"2023-08-11T17:50:23","slug":"workshop-3","status":"publish","type":"page","link":"https:\/\/academiaschimbarii.ro\/en\/mediere-culturala-plus-en\/workshop-3\/","title":{"rendered":"Workshop #3"},"content":{"rendered":"\t\t<div data-elementor-type=\"wp-page\" data-elementor-id=\"5870\" class=\"elementor elementor-5870 elementor-3462\" data-elementor-post-type=\"page\">\n\t\t\t\t\t\t<section class=\"elementor-section elementor-top-section elementor-element elementor-element-99ab6a2 elementor-section-stretched full-width-section elementor-section-boxed elementor-section-height-default elementor-section-height-default\" data-id=\"99ab6a2\" data-element_type=\"section\" data-settings=\"{&quot;stretch_section&quot;:&quot;section-stretched&quot;}\">\n\t\t\t\t\t\t<div class=\"elementor-container elementor-column-gap-default\">\n\t\t\t\t\t<div class=\"elementor-column elementor-col-100 elementor-top-column elementor-element elementor-element-54d6546\" data-id=\"54d6546\" data-element_type=\"column\">\n\t\t\t<div class=\"elementor-widget-wrap elementor-element-populated\">\n\t\t\t\t\t\t<div class=\"elementor-element elementor-element-8811dc8 elementor-hidden-phone elementor-widget elementor-widget-image\" data-id=\"8811dc8\" data-element_type=\"widget\" data-widget_type=\"image.default\">\n\t\t\t\t<div class=\"elementor-widget-container\">\n\t\t\t\t\t\t\t\t\t\t\t\t\t<img decoding=\"async\" src=\"https:\/\/academiaschimbarii.ro\/wp-content\/uploads\/2022\/05\/Mediere-culturala-3_1920x1080px.jpg\" title=\"Mediere cultural\u0103+ #3_1920x1080px\" alt=\"Mediere cultural\u0103+ #3_1920x1080px\" loading=\"lazy\" \/>\t\t\t\t\t\t\t\t\t\t\t\t\t<\/div>\n\t\t\t\t<\/div>\n\t\t\t\t<div class=\"elementor-element elementor-element-1eff4e9 elementor-hidden-desktop elementor-hidden-tablet elementor-widget elementor-widget-image\" data-id=\"1eff4e9\" data-element_type=\"widget\" data-widget_type=\"image.default\">\n\t\t\t\t<div class=\"elementor-widget-container\">\n\t\t\t\t\t\t\t\t\t\t\t\t\t<img decoding=\"async\" src=\"https:\/\/academiaschimbarii.ro\/wp-content\/uploads\/2022\/05\/Mediere-culturala-3_square.jpg\" title=\"Mediere cultural\u0103+ #3_square\" alt=\"Mediere cultural\u0103+ #3_square\" loading=\"lazy\" \/>\t\t\t\t\t\t\t\t\t\t\t\t\t<\/div>\n\t\t\t\t<\/div>\n\t\t\t\t\t<\/div>\n\t\t<\/div>\n\t\t\t\t\t<\/div>\n\t\t<\/section>\n\t\t\t\t<section class=\"elementor-section elementor-top-section elementor-element elementor-element-b296722 elementor-section-stretched full-width-section elementor-section-boxed elementor-section-height-default elementor-section-height-default\" data-id=\"b296722\" data-element_type=\"section\" data-settings=\"{&quot;stretch_section&quot;:&quot;section-stretched&quot;}\">\n\t\t\t\t\t\t<div class=\"elementor-container elementor-column-gap-default\">\n\t\t\t\t\t<div class=\"elementor-column elementor-col-100 elementor-top-column elementor-element elementor-element-3d26a2b\" data-id=\"3d26a2b\" data-element_type=\"column\">\n\t\t\t<div class=\"elementor-widget-wrap elementor-element-populated\">\n\t\t\t\t\t\t<div class=\"elementor-element elementor-element-a24e645 headline-2 elementor-widget elementor-widget-heading\" data-id=\"a24e645\" data-element_type=\"widget\" data-widget_type=\"heading.default\">\n\t\t\t\t<div class=\"elementor-widget-container\">\n\t\t\t<h1 class=\"elementor-heading-title elementor-size-default\">Workshop #3\n<\/h1>\t\t<\/div>\n\t\t\t\t<\/div>\n\t\t\t\t<div class=\"elementor-element elementor-element-b061945 text-block-1 elementor-widget elementor-widget-text-editor\" data-id=\"b061945\" data-element_type=\"widget\" data-widget_type=\"text-editor.default\">\n\t\t\t\t<div class=\"elementor-widget-container\">\n\t\t\t\t\t\t\t<p><span style=\"font-weight: 400;\">The meeting presents how, starting from the desire to know and enjoy responsibly the cultural values and the natural potential of some territories with a well-defined identity, during several years the development of several educational materials and practices was achieved, formal and informal, in the two UNESCO geoparks in Romania.<\/span><\/p>\t\t\t\t\t\t<\/div>\n\t\t\t\t<\/div>\n\t\t\t\t<div class=\"elementor-element elementor-element-3bffbf2 text-block-1 elementor-widget elementor-widget-text-editor\" data-id=\"3bffbf2\" data-element_type=\"widget\" data-widget_type=\"text-editor.default\">\n\t\t\t\t<div class=\"elementor-widget-container\">\n\t\t\t\t\t\t\t<p><span style=\"font-weight: 400;\">According to UNESCO, &#8220;geoparks are territorially coherent territories where sites and landscapes of significant geological importance are managed under a holistic concept of protection, education and sustainable development.&#8221; In Romania there are two territories that have been recognized, thanks to the extensive work of research, education and responsible tourism promotion and the multi-year collaboration between the local administration, cultural and educational actors, based on a special natural and cultural potential: Ha\u021begului Land (since 2005) and Buz\u0103ului Land (from 2022). Both spaces benefited from the support of the University of Bucharest in the documentation stage and the professional accompaniment of a team of researchers, led and inspired by the geologist professor Alexandru Andr\u0103\u0219anu, the manager of several dedicated educational and cultural projects.<\/span><\/p>\t\t\t\t\t\t<\/div>\n\t\t\t\t<\/div>\n\t\t\t\t<div class=\"elementor-element elementor-element-b81f1ad text-block-1 elementor-widget elementor-widget-text-editor\" data-id=\"b81f1ad\" data-element_type=\"widget\" data-widget_type=\"text-editor.default\">\n\t\t\t\t<div class=\"elementor-widget-container\">\n\t\t\t\t\t\t\t<p>Invitatul va prezenta, cu exemple concrete, ce pot face actori<\/p><p><span style=\"font-weight: 400;\">The guest will present, with concrete examples, what cultural actors, schools and teachers can do together for sustainable development through education and responsible tourism centered on the natural and cultural values of a territory.<\/span><\/p><p>i culturali, \u0219colile \u0219i profesorii \u00eempreun\u0103 pentru dezvoltarea durabil\u0103 prin educa\u021bie \u0219i turism responsabil centrat pe valorile naturale \u0219i culturale ale unui teritoriu.<\/p>\t\t\t\t\t\t<\/div>\n\t\t\t\t<\/div>\n\t\t\t\t\t<\/div>\n\t\t<\/div>\n\t\t\t\t\t<\/div>\n\t\t<\/section>\n\t\t\t\t<section class=\"elementor-section elementor-top-section elementor-element elementor-element-404f617 full-width-section elementor-section-boxed elementor-section-height-default elementor-section-height-default\" data-id=\"404f617\" data-element_type=\"section\">\n\t\t\t\t\t\t<div class=\"elementor-container elementor-column-gap-default\">\n\t\t\t\t\t<div class=\"elementor-column elementor-col-100 elementor-top-column elementor-element elementor-element-d58c003\" data-id=\"d58c003\" data-element_type=\"column\">\n\t\t\t<div class=\"elementor-widget-wrap elementor-element-populated\">\n\t\t\t\t\t\t<div class=\"elementor-element elementor-element-f9fb86d headline-2 elementor-widget elementor-widget-heading\" data-id=\"f9fb86d\" data-element_type=\"widget\" data-widget_type=\"heading.default\">\n\t\t\t\t<div class=\"elementor-widget-container\">\n\t\t\t<h6 class=\"elementor-heading-title elementor-size-default\">Team and guests<\/h6>\t\t<\/div>\n\t\t\t\t<\/div>\n\t\t\t\t\t<\/div>\n\t\t<\/div>\n\t\t\t\t\t<\/div>\n\t\t<\/section>\n\t\t\t\t<section class=\"elementor-section elementor-top-section elementor-element elementor-element-2104b22 elementor-section-stretched full-width-section elementor-section-boxed elementor-section-height-default elementor-section-height-default\" data-id=\"2104b22\" data-element_type=\"section\" data-settings=\"{&quot;stretch_section&quot;:&quot;section-stretched&quot;}\">\n\t\t\t\t\t\t<div class=\"elementor-container elementor-column-gap-default\">\n\t\t\t\t\t<div class=\"elementor-column elementor-col-100 elementor-top-column elementor-element elementor-element-a8d3060\" data-id=\"a8d3060\" data-element_type=\"column\">\n\t\t\t<div class=\"elementor-widget-wrap elementor-element-populated\">\n\t\t\t\t\t\t<div class=\"elementor-element elementor-element-5552bc8 elementor-widget elementor-widget-image\" data-id=\"5552bc8\" data-element_type=\"widget\" data-widget_type=\"image.default\">\n\t\t\t\t<div class=\"elementor-widget-container\">\n\t\t\t\t\t\t\t\t\t\t\t\t\t<img decoding=\"async\" src=\"https:\/\/academiaschimbarii.ro\/wp-content\/uploads\/2022\/05\/Alex_Andrasanu.jpg\" title=\"Alex_Andrasanu\" alt=\"Alex_Andrasanu\" loading=\"lazy\" \/>\t\t\t\t\t\t\t\t\t\t\t\t\t<\/div>\n\t\t\t\t<\/div>\n\t\t\t\t<div class=\"elementor-element elementor-element-69263b2 text-block-1 team-member-name elementor-widget elementor-widget-heading\" data-id=\"69263b2\" data-element_type=\"widget\" data-widget_type=\"heading.default\">\n\t\t\t\t<div class=\"elementor-widget-container\">\n\t\t\t<div class=\"elementor-heading-title elementor-size-default\">Alexandru Andr\u0103\u0219anu<\/div>\t\t<\/div>\n\t\t\t\t<\/div>\n\t\t\t\t<div class=\"elementor-element elementor-element-dbf3e3c text-block-1 team-member-link popup-mcp-2022-alexandru-andrasanu elementor-widget elementor-widget-heading\" data-id=\"dbf3e3c\" data-element_type=\"widget\" data-widget_type=\"heading.default\">\n\t\t\t\t<div class=\"elementor-widget-container\">\n\t\t\t<div class=\"elementor-heading-title elementor-size-default\">vezi bio<\/div>\t\t<\/div>\n\t\t\t\t<\/div>\n\t\t\t\t\t<\/div>\n\t\t<\/div>\n\t\t\t\t\t<\/div>\n\t\t<\/section>\n\t\t\t\t<section class=\"elementor-section elementor-top-section elementor-element elementor-element-970a0bc full-width-section elementor-section-boxed elementor-section-height-default elementor-section-height-default\" data-id=\"970a0bc\" data-element_type=\"section\">\n\t\t\t\t\t\t<div class=\"elementor-container elementor-column-gap-default\">\n\t\t\t\t\t<div class=\"elementor-column elementor-col-100 elementor-top-column elementor-element elementor-element-0103b0e\" data-id=\"0103b0e\" data-element_type=\"column\">\n\t\t\t<div class=\"elementor-widget-wrap elementor-element-populated\">\n\t\t\t\t\t\t<div class=\"elementor-element elementor-element-92b7260 headline-2 elementor-widget elementor-widget-heading\" data-id=\"92b7260\" data-element_type=\"widget\" data-widget_type=\"heading.default\">\n\t\t\t\t<div class=\"elementor-widget-container\">\n\t\t\t<h6 class=\"elementor-heading-title elementor-size-default\">Registration form<\/h6>\t\t<\/div>\n\t\t\t\t<\/div>\n\t\t\t\t\t<\/div>\n\t\t<\/div>\n\t\t\t\t\t<\/div>\n\t\t<\/section>\n\t\t\t\t<section class=\"elementor-section elementor-top-section elementor-element elementor-element-5e60cea elementor-section-boxed elementor-section-height-default elementor-section-height-default\" data-id=\"5e60cea\" data-element_type=\"section\">\n\t\t\t\t\t\t<div class=\"elementor-container elementor-column-gap-default\">\n\t\t\t\t\t<div class=\"elementor-column elementor-col-100 elementor-top-column elementor-element elementor-element-885cc7c\" data-id=\"885cc7c\" data-element_type=\"column\">\n\t\t\t<div class=\"elementor-widget-wrap elementor-element-populated\">\n\t\t\t\t\t\t<div class=\"elementor-element elementor-element-e477f67 elementor-widget__width-auto elementor-widget elementor-widget-heading\" data-id=\"e477f67\" data-element_type=\"widget\" data-widget_type=\"heading.default\">\n\t\t\t\t<div class=\"elementor-widget-container\">\n\t\t\t<p class=\"elementor-heading-title elementor-size-default\">Registrations are closed<\/p>\t\t<\/div>\n\t\t\t\t<\/div>\n\t\t\t\t\t<\/div>\n\t\t<\/div>\n\t\t\t\t\t<\/div>\n\t\t<\/section>\n\t\t\t\t<section class=\"elementor-section elementor-top-section elementor-element elementor-element-22a70dd elementor-section-boxed elementor-section-height-default elementor-section-height-default\" data-id=\"22a70dd\" data-element_type=\"section\">\n\t\t\t\t\t\t<div class=\"elementor-container elementor-column-gap-default\">\n\t\t\t\t\t<div class=\"elementor-column elementor-col-100 elementor-top-column elementor-element elementor-element-37758cb\" data-id=\"37758cb\" data-element_type=\"column\">\n\t\t\t<div class=\"elementor-widget-wrap elementor-element-populated\">\n\t\t\t\t\t\t<div class=\"elementor-element elementor-element-770a16c text-block-1 elementor-widget elementor-widget-heading\" data-id=\"770a16c\" data-element_type=\"widget\" data-widget_type=\"heading.default\">\n\t\t\t\t<div class=\"elementor-widget-container\">\n\t\t\t<div class=\"elementor-heading-title elementor-size-default\"><a href=\"https:\/\/academiaschimbarii.ro\/mediere-culturala-plus\/\">back to the program<\/a><\/div>\t\t<\/div>\n\t\t\t\t<\/div>\n\t\t\t\t\t<\/div>\n\t\t<\/div>\n\t\t\t\t\t<\/div>\n\t\t<\/section>\n\t\t\t\t<\/div>\n\t\t","protected":false},"excerpt":{"rendered":"<p>Workshop #3 The meeting presents how, starting from the desire to know and enjoy responsibly the cultural values and the natural potential of some territories with a well-defined identity, during several years the development of several educational materials and practices was achieved, formal and informal, in the two UNESCO geoparks in Romania. According to UNESCO,&hellip; <a class=\"more-link\" href=\"https:\/\/academiaschimbarii.ro\/en\/mediere-culturala-plus-en\/workshop-3\/\">Continue reading <span class=\"screen-reader-text\">Workshop #3<\/span><\/a><\/p>\n","protected":false},"author":7,"featured_media":5405,"parent":5850,"menu_order":0,"comment_status":"closed","ping_status":"closed","template":"","meta":{"_acf_changed":false,"_monsterinsights_skip_tracking":false,"_monsterinsights_sitenote_active":false,"_monsterinsights_sitenote_note":"","_monsterinsights_sitenote_category":0,"footnotes":""},"class_list":["post-5870","page","type-page","status-publish","has-post-thumbnail","hentry","entry"],"acf":[],"yoast_head":"<!-- This site is optimized with the Yoast SEO plugin v23.4 - https:\/\/yoast.com\/wordpress\/plugins\/seo\/ -->\n<title>Workshop #3 | Academia Schimb\u0103rii<\/title>\n<meta name=\"robots\" content=\"index, follow, max-snippet:-1, max-image-preview:large, max-video-preview:-1\" \/>\n<link rel=\"canonical\" href=\"https:\/\/academiaschimbarii.ro\/en\/mediere-culturala-plus-en\/workshop-3\/\" \/>\n<meta property=\"og:locale\" content=\"en_US\" \/>\n<meta property=\"og:type\" content=\"article\" \/>\n<meta property=\"og:title\" content=\"Workshop #3 | Academia Schimb\u0103rii\" \/>\n<meta property=\"og:description\" content=\"Workshop #3 The meeting presents how, starting from the desire to know and enjoy responsibly the cultural values and the natural potential of some territories with a well-defined identity, during several years the development of several educational materials and practices was achieved, formal and informal, in the two UNESCO geoparks in Romania. According to UNESCO,&hellip; Continue reading Workshop #3\" \/>\n<meta property=\"og:url\" content=\"https:\/\/academiaschimbarii.ro\/en\/mediere-culturala-plus-en\/workshop-3\/\" \/>\n<meta property=\"og:site_name\" content=\"Academia Schimb\u0103rii\" \/>\n<meta property=\"article:modified_time\" content=\"2023-08-11T17:50:23+00:00\" \/>\n<meta property=\"og:image\" content=\"https:\/\/academiaschimbarii.ro\/wp-content\/uploads\/2021\/12\/Mediere-culturala\u0306_1-v3-share-v2.jpg\" \/>\n\t<meta property=\"og:image:width\" content=\"1767\" \/>\n\t<meta property=\"og:image:height\" content=\"967\" \/>\n\t<meta property=\"og:image:type\" content=\"image\/jpeg\" \/>\n<meta name=\"twitter:card\" content=\"summary_large_image\" \/>\n<meta name=\"twitter:label1\" content=\"Est. reading time\" \/>\n\t<meta name=\"twitter:data1\" content=\"1 minute\" \/>\n<script type=\"application\/ld+json\" class=\"yoast-schema-graph\">{\"@context\":\"https:\/\/schema.org\",\"@graph\":[{\"@type\":\"WebPage\",\"@id\":\"https:\/\/academiaschimbarii.ro\/en\/mediere-culturala-plus-en\/workshop-3\/\",\"url\":\"https:\/\/academiaschimbarii.ro\/en\/mediere-culturala-plus-en\/workshop-3\/\",\"name\":\"Workshop #3 | Academia Schimb\u0103rii\",\"isPartOf\":{\"@id\":\"https:\/\/academiaschimbarii.ro\/en\/#website\"},\"primaryImageOfPage\":{\"@id\":\"https:\/\/academiaschimbarii.ro\/en\/mediere-culturala-plus-en\/workshop-3\/#primaryimage\"},\"image\":{\"@id\":\"https:\/\/academiaschimbarii.ro\/en\/mediere-culturala-plus-en\/workshop-3\/#primaryimage\"},\"thumbnailUrl\":\"https:\/\/academiaschimbarii.ro\/wp-content\/uploads\/2021\/12\/Mediere-culturala\u0306_1-v3-share-v2.jpg\",\"datePublished\":\"2022-05-03T18:45:53+00:00\",\"dateModified\":\"2023-08-11T17:50:23+00:00\",\"breadcrumb\":{\"@id\":\"https:\/\/academiaschimbarii.ro\/en\/mediere-culturala-plus-en\/workshop-3\/#breadcrumb\"},\"inLanguage\":\"en-US\",\"potentialAction\":[{\"@type\":\"ReadAction\",\"target\":[\"https:\/\/academiaschimbarii.ro\/en\/mediere-culturala-plus-en\/workshop-3\/\"]}]},{\"@type\":\"ImageObject\",\"inLanguage\":\"en-US\",\"@id\":\"https:\/\/academiaschimbarii.ro\/en\/mediere-culturala-plus-en\/workshop-3\/#primaryimage\",\"url\":\"https:\/\/academiaschimbarii.ro\/wp-content\/uploads\/2021\/12\/Mediere-culturala\u0306_1-v3-share-v2.jpg\",\"contentUrl\":\"https:\/\/academiaschimbarii.ro\/wp-content\/uploads\/2021\/12\/Mediere-culturala\u0306_1-v3-share-v2.jpg\",\"width\":1767,\"height\":967},{\"@type\":\"BreadcrumbList\",\"@id\":\"https:\/\/academiaschimbarii.ro\/en\/mediere-culturala-plus-en\/workshop-3\/#breadcrumb\",\"itemListElement\":[{\"@type\":\"ListItem\",\"position\":1,\"name\":\"Home\",\"item\":\"https:\/\/academiaschimbarii.ro\/en\/\"},{\"@type\":\"ListItem\",\"position\":2,\"name\":\"Mediere culturala plus\",\"item\":\"https:\/\/academiaschimbarii.ro\/en\/mediere-culturala-plus-en\/\"},{\"@type\":\"ListItem\",\"position\":3,\"name\":\"Workshop #3\"}]},{\"@type\":\"WebSite\",\"@id\":\"https:\/\/academiaschimbarii.ro\/en\/#website\",\"url\":\"https:\/\/academiaschimbarii.ro\/en\/\",\"name\":\"Academia Schimb\u0103rii\",\"description\":\"\",\"publisher\":{\"@id\":\"https:\/\/academiaschimbarii.ro\/en\/#organization\"},\"potentialAction\":[{\"@type\":\"SearchAction\",\"target\":{\"@type\":\"EntryPoint\",\"urlTemplate\":\"https:\/\/academiaschimbarii.ro\/en\/?s={search_term_string}\"},\"query-input\":{\"@type\":\"PropertyValueSpecification\",\"valueRequired\":true,\"valueName\":\"search_term_string\"}}],\"inLanguage\":\"en-US\"},{\"@type\":\"Organization\",\"@id\":\"https:\/\/academiaschimbarii.ro\/en\/#organization\",\"name\":\"Academia Schimb\u0103rii\",\"url\":\"https:\/\/academiaschimbarii.ro\/en\/\",\"logo\":{\"@type\":\"ImageObject\",\"inLanguage\":\"en-US\",\"@id\":\"https:\/\/academiaschimbarii.ro\/en\/#\/schema\/logo\/image\/\",\"url\":\"https:\/\/academiaschimbarii.ro\/wp-content\/uploads\/2021\/07\/logo_AS_color.png\",\"contentUrl\":\"https:\/\/academiaschimbarii.ro\/wp-content\/uploads\/2021\/07\/logo_AS_color.png\",\"width\":1565,\"height\":300,\"caption\":\"Academia Schimb\u0103rii\"},\"image\":{\"@id\":\"https:\/\/academiaschimbarii.ro\/en\/#\/schema\/logo\/image\/\"}}]}<\/script>\n<!-- \/ Yoast SEO plugin. -->","yoast_head_json":{"title":"Workshop #3 | Academia Schimb\u0103rii","robots":{"index":"index","follow":"follow","max-snippet":"max-snippet:-1","max-image-preview":"max-image-preview:large","max-video-preview":"max-video-preview:-1"},"canonical":"https:\/\/academiaschimbarii.ro\/en\/mediere-culturala-plus-en\/workshop-3\/","og_locale":"en_US","og_type":"article","og_title":"Workshop #3 | Academia Schimb\u0103rii","og_description":"Workshop #3 The meeting presents how, starting from the desire to know and enjoy responsibly the cultural values and the natural potential of some territories with a well-defined identity, during several years the development of several educational materials and practices was achieved, formal and informal, in the two UNESCO geoparks in Romania. According to UNESCO,&hellip; Continue reading Workshop #3","og_url":"https:\/\/academiaschimbarii.ro\/en\/mediere-culturala-plus-en\/workshop-3\/","og_site_name":"Academia Schimb\u0103rii","article_modified_time":"2023-08-11T17:50:23+00:00","og_image":[{"width":1767,"height":967,"url":"https:\/\/academiaschimbarii.ro\/wp-content\/uploads\/2021\/12\/Mediere-culturala\u0306_1-v3-share-v2.jpg","type":"image\/jpeg"}],"twitter_card":"summary_large_image","twitter_misc":{"Est. reading time":"1 minute"},"schema":{"@context":"https:\/\/schema.org","@graph":[{"@type":"WebPage","@id":"https:\/\/academiaschimbarii.ro\/en\/mediere-culturala-plus-en\/workshop-3\/","url":"https:\/\/academiaschimbarii.ro\/en\/mediere-culturala-plus-en\/workshop-3\/","name":"Workshop #3 | Academia Schimb\u0103rii","isPartOf":{"@id":"https:\/\/academiaschimbarii.ro\/en\/#website"},"primaryImageOfPage":{"@id":"https:\/\/academiaschimbarii.ro\/en\/mediere-culturala-plus-en\/workshop-3\/#primaryimage"},"image":{"@id":"https:\/\/academiaschimbarii.ro\/en\/mediere-culturala-plus-en\/workshop-3\/#primaryimage"},"thumbnailUrl":"https:\/\/academiaschimbarii.ro\/wp-content\/uploads\/2021\/12\/Mediere-culturala\u0306_1-v3-share-v2.jpg","datePublished":"2022-05-03T18:45:53+00:00","dateModified":"2023-08-11T17:50:23+00:00","breadcrumb":{"@id":"https:\/\/academiaschimbarii.ro\/en\/mediere-culturala-plus-en\/workshop-3\/#breadcrumb"},"inLanguage":"en-US","potentialAction":[{"@type":"ReadAction","target":["https:\/\/academiaschimbarii.ro\/en\/mediere-culturala-plus-en\/workshop-3\/"]}]},{"@type":"ImageObject","inLanguage":"en-US","@id":"https:\/\/academiaschimbarii.ro\/en\/mediere-culturala-plus-en\/workshop-3\/#primaryimage","url":"https:\/\/academiaschimbarii.ro\/wp-content\/uploads\/2021\/12\/Mediere-culturala\u0306_1-v3-share-v2.jpg","contentUrl":"https:\/\/academiaschimbarii.ro\/wp-content\/uploads\/2021\/12\/Mediere-culturala\u0306_1-v3-share-v2.jpg","width":1767,"height":967},{"@type":"BreadcrumbList","@id":"https:\/\/academiaschimbarii.ro\/en\/mediere-culturala-plus-en\/workshop-3\/#breadcrumb","itemListElement":[{"@type":"ListItem","position":1,"name":"Home","item":"https:\/\/academiaschimbarii.ro\/en\/"},{"@type":"ListItem","position":2,"name":"Mediere culturala plus","item":"https:\/\/academiaschimbarii.ro\/en\/mediere-culturala-plus-en\/"},{"@type":"ListItem","position":3,"name":"Workshop #3"}]},{"@type":"WebSite","@id":"https:\/\/academiaschimbarii.ro\/en\/#website","url":"https:\/\/academiaschimbarii.ro\/en\/","name":"Academia Schimb\u0103rii","description":"","publisher":{"@id":"https:\/\/academiaschimbarii.ro\/en\/#organization"},"potentialAction":[{"@type":"SearchAction","target":{"@type":"EntryPoint","urlTemplate":"https:\/\/academiaschimbarii.ro\/en\/?s={search_term_string}"},"query-input":{"@type":"PropertyValueSpecification","valueRequired":true,"valueName":"search_term_string"}}],"inLanguage":"en-US"},{"@type":"Organization","@id":"https:\/\/academiaschimbarii.ro\/en\/#organization","name":"Academia Schimb\u0103rii","url":"https:\/\/academiaschimbarii.ro\/en\/","logo":{"@type":"ImageObject","inLanguage":"en-US","@id":"https:\/\/academiaschimbarii.ro\/en\/#\/schema\/logo\/image\/","url":"https:\/\/academiaschimbarii.ro\/wp-content\/uploads\/2021\/07\/logo_AS_color.png","contentUrl":"https:\/\/academiaschimbarii.ro\/wp-content\/uploads\/2021\/07\/logo_AS_color.png","width":1565,"height":300,"caption":"Academia Schimb\u0103rii"},"image":{"@id":"https:\/\/academiaschimbarii.ro\/en\/#\/schema\/logo\/image\/"}}]}},"_links":{"self":[{"href":"https:\/\/academiaschimbarii.ro\/en\/wp-json\/wp\/v2\/pages\/5870","targetHints":{"allow":["GET"]}}],"collection":[{"href":"https:\/\/academiaschimbarii.ro\/en\/wp-json\/wp\/v2\/pages"}],"about":[{"href":"https:\/\/academiaschimbarii.ro\/en\/wp-json\/wp\/v2\/types\/page"}],"author":[{"embeddable":true,"href":"https:\/\/academiaschimbarii.ro\/en\/wp-json\/wp\/v2\/users\/7"}],"replies":[{"embeddable":true,"href":"https:\/\/academiaschimbarii.ro\/en\/wp-json\/wp\/v2\/comments?post=5870"}],"version-history":[{"count":4,"href":"https:\/\/academiaschimbarii.ro\/en\/wp-json\/wp\/v2\/pages\/5870\/revisions"}],"predecessor-version":[{"id":5874,"href":"https:\/\/academiaschimbarii.ro\/en\/wp-json\/wp\/v2\/pages\/5870\/revisions\/5874"}],"up":[{"embeddable":true,"href":"https:\/\/academiaschimbarii.ro\/en\/wp-json\/wp\/v2\/pages\/5850"}],"wp:featuredmedia":[{"embeddable":true,"href":"https:\/\/academiaschimbarii.ro\/en\/wp-json\/wp\/v2\/media\/5405"}],"wp:attachment":[{"href":"https:\/\/academiaschimbarii.ro\/en\/wp-json\/wp\/v2\/media?parent=5870"}],"curies":[{"name":"wp","href":"https:\/\/api.w.org\/{rel}","templated":true}]}}