{"id":5875,"date":"2022-06-16T13:10:11","date_gmt":"2022-06-16T13:10:11","guid":{"rendered":"https:\/\/academiaschimbarii.ro\/?page_id=5875"},"modified":"2023-08-11T17:52:49","modified_gmt":"2023-08-11T17:52:49","slug":"workshop-4","status":"publish","type":"page","link":"https:\/\/academiaschimbarii.ro\/en\/mediere-culturala-plus-en\/workshop-4\/","title":{"rendered":"Workshop #4"},"content":{"rendered":"\t\t<div data-elementor-type=\"wp-page\" data-elementor-id=\"5875\" class=\"elementor elementor-5875 elementor-3676\" data-elementor-post-type=\"page\">\n\t\t\t\t\t\t<section class=\"elementor-section elementor-top-section elementor-element elementor-element-99ab6a2 elementor-section-stretched full-width-section elementor-section-boxed elementor-section-height-default elementor-section-height-default\" data-id=\"99ab6a2\" data-element_type=\"section\" data-settings=\"{&quot;stretch_section&quot;:&quot;section-stretched&quot;}\">\n\t\t\t\t\t\t<div class=\"elementor-container elementor-column-gap-default\">\n\t\t\t\t\t<div class=\"elementor-column elementor-col-100 elementor-top-column elementor-element elementor-element-54d6546\" data-id=\"54d6546\" data-element_type=\"column\">\n\t\t\t<div class=\"elementor-widget-wrap elementor-element-populated\">\n\t\t\t\t\t\t<div class=\"elementor-element elementor-element-8811dc8 elementor-hidden-phone elementor-widget elementor-widget-image\" data-id=\"8811dc8\" data-element_type=\"widget\" data-widget_type=\"image.default\">\n\t\t\t\t<div class=\"elementor-widget-container\">\n\t\t\t\t\t\t\t\t\t\t\t\t\t<img decoding=\"async\" src=\"https:\/\/academiaschimbarii.ro\/wp-content\/uploads\/2022\/06\/Mediere-culturala\u0306-4_1920x1080px.jpg\" title=\"Mediere culturala\u0306+ #4_1920x1080px\" alt=\"Mediere culturala\u0306+ #4_1920x1080px\" loading=\"lazy\" \/>\t\t\t\t\t\t\t\t\t\t\t\t\t<\/div>\n\t\t\t\t<\/div>\n\t\t\t\t<div class=\"elementor-element elementor-element-1eff4e9 elementor-hidden-desktop elementor-hidden-tablet elementor-widget elementor-widget-image\" data-id=\"1eff4e9\" data-element_type=\"widget\" data-widget_type=\"image.default\">\n\t\t\t\t<div class=\"elementor-widget-container\">\n\t\t\t\t\t\t\t\t\t\t\t\t\t<img decoding=\"async\" src=\"https:\/\/academiaschimbarii.ro\/wp-content\/uploads\/2022\/06\/Mediere-culturala\u0306-4_square.jpg\" title=\"Mediere culturala\u0306+ #4_square\" alt=\"Mediere culturala\u0306+ #4_square\" loading=\"lazy\" \/>\t\t\t\t\t\t\t\t\t\t\t\t\t<\/div>\n\t\t\t\t<\/div>\n\t\t\t\t\t<\/div>\n\t\t<\/div>\n\t\t\t\t\t<\/div>\n\t\t<\/section>\n\t\t\t\t<section class=\"elementor-section elementor-top-section elementor-element elementor-element-b296722 elementor-section-stretched full-width-section elementor-section-boxed elementor-section-height-default elementor-section-height-default\" data-id=\"b296722\" data-element_type=\"section\" data-settings=\"{&quot;stretch_section&quot;:&quot;section-stretched&quot;}\">\n\t\t\t\t\t\t<div class=\"elementor-container elementor-column-gap-default\">\n\t\t\t\t\t<div class=\"elementor-column elementor-col-100 elementor-top-column elementor-element elementor-element-3d26a2b\" data-id=\"3d26a2b\" data-element_type=\"column\">\n\t\t\t<div class=\"elementor-widget-wrap elementor-element-populated\">\n\t\t\t\t\t\t<div class=\"elementor-element elementor-element-a24e645 headline-2 elementor-widget elementor-widget-heading\" data-id=\"a24e645\" data-element_type=\"widget\" data-widget_type=\"heading.default\">\n\t\t\t\t<div class=\"elementor-widget-container\">\n\t\t\t<h1 class=\"elementor-heading-title elementor-size-default\">Workshop #4\n<\/h1>\t\t<\/div>\n\t\t\t\t<\/div>\n\t\t\t\t<div class=\"elementor-element elementor-element-b061945 text-block-1 elementor-widget elementor-widget-text-editor\" data-id=\"b061945\" data-element_type=\"widget\" data-widget_type=\"text-editor.default\">\n\t\t\t\t<div class=\"elementor-widget-container\">\n\t\t\t\t\t\t\t<p><span style=\"font-weight: 400;\">You get to understand a subject much better when you present it to others. In school, engaging and empowering children to explain scientific topics to others is recognized as a valuable pedagogical practice. When the teacher collaborates with an artist in an educational team effort, the quality of the results increases. How does participatory cultural and scientific mediation happen in the school? What does history look like in the school curriculum presented by children, to children?<\/span><\/p>\t\t\t\t\t\t<\/div>\n\t\t\t\t<\/div>\n\t\t\t\t<div class=\"elementor-element elementor-element-3bffbf2 text-block-1 elementor-widget elementor-widget-text-editor\" data-id=\"3bffbf2\" data-element_type=\"widget\" data-widget_type=\"text-editor.default\">\n\t\t\t\t<div class=\"elementor-widget-container\">\n\t\t\t\t\t\t\t<p><span style=\"font-weight: 400;\">The Children explain history project is, in the words of the organizers, an educational project whose goal is to develop an online platform that includes history video lessons for middle school, video lessons in which the protagonists are the children from General School number 1 in Sohatu, C\u0103l\u0103ra\u015fi county. The project started in 2021 with a series of video lessons intended to be educational support for the 5th grade curriculum, 1st semester. The children of Sohatu told about the first people, about daily life in the Ancient East, about the crafts and beliefs practiced then, about the way people organized themselves into social groups, about their impressive constructions and about the laws by which they governed themselves. The project is moving forward this year, thanks to new funding from the National Cultural Fund Administration.<\/span><\/p>\t\t\t\t\t\t<\/div>\n\t\t\t\t<\/div>\n\t\t\t\t<div class=\"elementor-element elementor-element-b81f1ad text-block-1 elementor-widget elementor-widget-text-editor\" data-id=\"b81f1ad\" data-element_type=\"widget\" data-widget_type=\"text-editor.default\">\n\t\t\t\t<div class=\"elementor-widget-container\">\n\t\t\t\t\t\t\t<p><span style=\"font-weight: 400;\">The workshop on June 23 will be attended by Ion David P\u00eerneci, the history teacher of the children involved in the project, and Eliza Zdru, director and producer of the project. The guests will present how the video lessons can be used further by all those interested, but also how they worked together to make the video lessons, how they encouraged the children&#8217;s involvement and how the project was received by the teachers who participated in a dedicated training , last year in the fall.<\/span><\/p>\t\t\t\t\t\t<\/div>\n\t\t\t\t<\/div>\n\t\t\t\t<div class=\"elementor-element elementor-element-7d6bf64 text-block-1 elementor-widget elementor-widget-text-editor\" data-id=\"7d6bf64\" data-element_type=\"widget\" data-widget_type=\"text-editor.default\">\n\t\t\t\t<div class=\"elementor-widget-container\">\n\t\t\t\t\t\t\t<p><span style=\"font-weight: 400;\">The workshop is dedicated to anyone interested in using the video lessons or understanding how they can develop such resources together with the children.<\/span><\/p>\t\t\t\t\t\t<\/div>\n\t\t\t\t<\/div>\n\t\t\t\t\t<\/div>\n\t\t<\/div>\n\t\t\t\t\t<\/div>\n\t\t<\/section>\n\t\t\t\t<section class=\"elementor-section elementor-top-section elementor-element elementor-element-404f617 full-width-section elementor-section-boxed elementor-section-height-default elementor-section-height-default\" data-id=\"404f617\" data-element_type=\"section\">\n\t\t\t\t\t\t<div class=\"elementor-container elementor-column-gap-default\">\n\t\t\t\t\t<div class=\"elementor-column elementor-col-100 elementor-top-column elementor-element elementor-element-d58c003\" data-id=\"d58c003\" data-element_type=\"column\">\n\t\t\t<div class=\"elementor-widget-wrap elementor-element-populated\">\n\t\t\t\t\t\t<div class=\"elementor-element elementor-element-f9fb86d headline-2 elementor-widget elementor-widget-heading\" data-id=\"f9fb86d\" data-element_type=\"widget\" data-widget_type=\"heading.default\">\n\t\t\t\t<div class=\"elementor-widget-container\">\n\t\t\t<h6 class=\"elementor-heading-title elementor-size-default\">Team and guests<\/h6>\t\t<\/div>\n\t\t\t\t<\/div>\n\t\t\t\t\t<\/div>\n\t\t<\/div>\n\t\t\t\t\t<\/div>\n\t\t<\/section>\n\t\t\t\t<section class=\"elementor-section elementor-top-section elementor-element elementor-element-2104b22 elementor-section-stretched full-width-section elementor-section-boxed elementor-section-height-default elementor-section-height-default\" data-id=\"2104b22\" data-element_type=\"section\" data-settings=\"{&quot;stretch_section&quot;:&quot;section-stretched&quot;}\">\n\t\t\t\t\t\t<div class=\"elementor-container elementor-column-gap-default\">\n\t\t\t\t\t<div class=\"elementor-column elementor-col-50 elementor-top-column elementor-element elementor-element-a8d3060\" data-id=\"a8d3060\" data-element_type=\"column\">\n\t\t\t<div class=\"elementor-widget-wrap elementor-element-populated\">\n\t\t\t\t\t\t<div class=\"elementor-element elementor-element-5552bc8 elementor-widget elementor-widget-image\" data-id=\"5552bc8\" data-element_type=\"widget\" data-widget_type=\"image.default\">\n\t\t\t\t<div class=\"elementor-widget-container\">\n\t\t\t\t\t\t\t\t\t\t\t\t\t<img decoding=\"async\" src=\"https:\/\/academiaschimbarii.ro\/wp-content\/uploads\/2022\/06\/Eliza-Zdru.jpg\" title=\"Eliza Zdru\" alt=\"Eliza Zdru\" loading=\"lazy\" \/>\t\t\t\t\t\t\t\t\t\t\t\t\t<\/div>\n\t\t\t\t<\/div>\n\t\t\t\t<div class=\"elementor-element elementor-element-69263b2 text-block-1 team-member-name elementor-widget elementor-widget-heading\" data-id=\"69263b2\" data-element_type=\"widget\" data-widget_type=\"heading.default\">\n\t\t\t\t<div class=\"elementor-widget-container\">\n\t\t\t<div class=\"elementor-heading-title elementor-size-default\">Eliza Zdru<\/div>\t\t<\/div>\n\t\t\t\t<\/div>\n\t\t\t\t<div class=\"elementor-element elementor-element-dbf3e3c text-block-1 team-member-link popup-mcp-2022-eliza-zdru elementor-widget elementor-widget-heading\" data-id=\"dbf3e3c\" data-element_type=\"widget\" data-widget_type=\"heading.default\">\n\t\t\t\t<div class=\"elementor-widget-container\">\n\t\t\t<div class=\"elementor-heading-title elementor-size-default\">vezi bio<\/div>\t\t<\/div>\n\t\t\t\t<\/div>\n\t\t\t\t\t<\/div>\n\t\t<\/div>\n\t\t\t\t<div class=\"elementor-column elementor-col-50 elementor-top-column elementor-element elementor-element-02b3f21\" data-id=\"02b3f21\" data-element_type=\"column\">\n\t\t\t<div class=\"elementor-widget-wrap elementor-element-populated\">\n\t\t\t\t\t\t<div class=\"elementor-element elementor-element-06d952e elementor-widget elementor-widget-image\" data-id=\"06d952e\" data-element_type=\"widget\" data-widget_type=\"image.default\">\n\t\t\t\t<div class=\"elementor-widget-container\">\n\t\t\t\t\t\t\t\t\t\t\t\t\t<img decoding=\"async\" src=\"https:\/\/academiaschimbarii.ro\/wp-content\/uploads\/2022\/06\/Ion-David-Pi\u0302rneci.jpg\" title=\"Ion David Pi\u0302rneci\" alt=\"Ion David Pi\u0302rneci\" loading=\"lazy\" \/>\t\t\t\t\t\t\t\t\t\t\t\t\t<\/div>\n\t\t\t\t<\/div>\n\t\t\t\t<div class=\"elementor-element elementor-element-9480232 text-block-1 team-member-name elementor-widget elementor-widget-heading\" data-id=\"9480232\" data-element_type=\"widget\" data-widget_type=\"heading.default\">\n\t\t\t\t<div class=\"elementor-widget-container\">\n\t\t\t<div class=\"elementor-heading-title elementor-size-default\">Ionu\u021b Pirneci<\/div>\t\t<\/div>\n\t\t\t\t<\/div>\n\t\t\t\t<div class=\"elementor-element elementor-element-c83212b text-block-1 team-member-link popup-mcp-2022-ionut-pirneci elementor-widget elementor-widget-heading\" data-id=\"c83212b\" data-element_type=\"widget\" data-widget_type=\"heading.default\">\n\t\t\t\t<div class=\"elementor-widget-container\">\n\t\t\t<div class=\"elementor-heading-title elementor-size-default\">vezi bio<\/div>\t\t<\/div>\n\t\t\t\t<\/div>\n\t\t\t\t\t<\/div>\n\t\t<\/div>\n\t\t\t\t\t<\/div>\n\t\t<\/section>\n\t\t\t\t<section class=\"elementor-section elementor-top-section elementor-element elementor-element-970a0bc full-width-section elementor-section-boxed elementor-section-height-default elementor-section-height-default\" data-id=\"970a0bc\" data-element_type=\"section\">\n\t\t\t\t\t\t<div class=\"elementor-container elementor-column-gap-default\">\n\t\t\t\t\t<div class=\"elementor-column elementor-col-100 elementor-top-column elementor-element elementor-element-0103b0e\" data-id=\"0103b0e\" data-element_type=\"column\">\n\t\t\t<div class=\"elementor-widget-wrap elementor-element-populated\">\n\t\t\t\t\t\t<div class=\"elementor-element elementor-element-92b7260 headline-2 elementor-widget elementor-widget-heading\" data-id=\"92b7260\" data-element_type=\"widget\" data-widget_type=\"heading.default\">\n\t\t\t\t<div class=\"elementor-widget-container\">\n\t\t\t<h6 class=\"elementor-heading-title elementor-size-default\">Registration form<\/h6>\t\t<\/div>\n\t\t\t\t<\/div>\n\t\t\t\t\t<\/div>\n\t\t<\/div>\n\t\t\t\t\t<\/div>\n\t\t<\/section>\n\t\t\t\t<section class=\"elementor-section elementor-top-section elementor-element elementor-element-e5766c8 elementor-section-boxed elementor-section-height-default elementor-section-height-default\" data-id=\"e5766c8\" data-element_type=\"section\">\n\t\t\t\t\t\t<div class=\"elementor-container elementor-column-gap-default\">\n\t\t\t\t\t<div class=\"elementor-column elementor-col-100 elementor-top-column elementor-element elementor-element-7629cdf\" data-id=\"7629cdf\" data-element_type=\"column\">\n\t\t\t<div class=\"elementor-widget-wrap elementor-element-populated\">\n\t\t\t\t\t\t<div class=\"elementor-element elementor-element-f4c2f2c elementor-widget__width-auto elementor-widget elementor-widget-heading\" data-id=\"f4c2f2c\" data-element_type=\"widget\" data-widget_type=\"heading.default\">\n\t\t\t\t<div class=\"elementor-widget-container\">\n\t\t\t<p class=\"elementor-heading-title elementor-size-default\">Registrations are closed<\/p>\t\t<\/div>\n\t\t\t\t<\/div>\n\t\t\t\t\t<\/div>\n\t\t<\/div>\n\t\t\t\t\t<\/div>\n\t\t<\/section>\n\t\t\t\t<section class=\"elementor-section elementor-top-section elementor-element elementor-element-22a70dd elementor-section-boxed elementor-section-height-default elementor-section-height-default\" data-id=\"22a70dd\" data-element_type=\"section\">\n\t\t\t\t\t\t<div class=\"elementor-container elementor-column-gap-default\">\n\t\t\t\t\t<div class=\"elementor-column elementor-col-100 elementor-top-column elementor-element elementor-element-37758cb\" data-id=\"37758cb\" data-element_type=\"column\">\n\t\t\t<div class=\"elementor-widget-wrap elementor-element-populated\">\n\t\t\t\t\t\t<div class=\"elementor-element elementor-element-770a16c text-block-1 elementor-widget elementor-widget-heading\" data-id=\"770a16c\" data-element_type=\"widget\" data-widget_type=\"heading.default\">\n\t\t\t\t<div class=\"elementor-widget-container\">\n\t\t\t<div class=\"elementor-heading-title elementor-size-default\"><a href=\"https:\/\/academiaschimbarii.ro\/mediere-culturala-plus\/\">back to the program<\/a><\/div>\t\t<\/div>\n\t\t\t\t<\/div>\n\t\t\t\t\t<\/div>\n\t\t<\/div>\n\t\t\t\t\t<\/div>\n\t\t<\/section>\n\t\t\t\t<\/div>\n\t\t","protected":false},"excerpt":{"rendered":"<p>Workshop #4 You get to understand a subject much better when you present it to others. In school, engaging and empowering children to explain scientific topics to others is recognized as a valuable pedagogical practice. When the teacher collaborates with an artist in an educational team effort, the quality of the results increases. How does&hellip; <a class=\"more-link\" href=\"https:\/\/academiaschimbarii.ro\/en\/mediere-culturala-plus-en\/workshop-4\/\">Continue reading <span class=\"screen-reader-text\">Workshop #4<\/span><\/a><\/p>\n","protected":false},"author":7,"featured_media":5405,"parent":5850,"menu_order":0,"comment_status":"closed","ping_status":"closed","template":"","meta":{"_acf_changed":false,"_monsterinsights_skip_tracking":false,"_monsterinsights_sitenote_active":false,"_monsterinsights_sitenote_note":"","_monsterinsights_sitenote_category":0,"footnotes":""},"class_list":["post-5875","page","type-page","status-publish","has-post-thumbnail","hentry","entry"],"acf":[],"yoast_head":"<!-- This site is optimized with the Yoast SEO plugin v23.4 - https:\/\/yoast.com\/wordpress\/plugins\/seo\/ -->\n<title>Workshop #4 | Academia Schimb\u0103rii<\/title>\n<meta name=\"robots\" content=\"index, follow, max-snippet:-1, max-image-preview:large, max-video-preview:-1\" \/>\n<link rel=\"canonical\" href=\"https:\/\/academiaschimbarii.ro\/en\/mediere-culturala-plus-en\/workshop-4\/\" \/>\n<meta property=\"og:locale\" content=\"en_US\" \/>\n<meta property=\"og:type\" content=\"article\" \/>\n<meta property=\"og:title\" content=\"Workshop #4 | Academia Schimb\u0103rii\" \/>\n<meta property=\"og:description\" content=\"Workshop #4 You get to understand a subject much better when you present it to others. In school, engaging and empowering children to explain scientific topics to others is recognized as a valuable pedagogical practice. When the teacher collaborates with an artist in an educational team effort, the quality of the results increases. How does&hellip; Continue reading Workshop #4\" \/>\n<meta property=\"og:url\" content=\"https:\/\/academiaschimbarii.ro\/en\/mediere-culturala-plus-en\/workshop-4\/\" \/>\n<meta property=\"og:site_name\" content=\"Academia Schimb\u0103rii\" \/>\n<meta property=\"article:modified_time\" content=\"2023-08-11T17:52:49+00:00\" \/>\n<meta property=\"og:image\" content=\"https:\/\/academiaschimbarii.ro\/wp-content\/uploads\/2021\/12\/Mediere-culturala\u0306_1-v3-share-v2.jpg\" \/>\n\t<meta property=\"og:image:width\" content=\"1767\" \/>\n\t<meta property=\"og:image:height\" content=\"967\" \/>\n\t<meta property=\"og:image:type\" content=\"image\/jpeg\" \/>\n<meta name=\"twitter:card\" content=\"summary_large_image\" \/>\n<meta name=\"twitter:label1\" content=\"Est. reading time\" \/>\n\t<meta name=\"twitter:data1\" content=\"2 minutes\" \/>\n<script type=\"application\/ld+json\" class=\"yoast-schema-graph\">{\"@context\":\"https:\/\/schema.org\",\"@graph\":[{\"@type\":\"WebPage\",\"@id\":\"https:\/\/academiaschimbarii.ro\/en\/mediere-culturala-plus-en\/workshop-4\/\",\"url\":\"https:\/\/academiaschimbarii.ro\/en\/mediere-culturala-plus-en\/workshop-4\/\",\"name\":\"Workshop #4 | Academia Schimb\u0103rii\",\"isPartOf\":{\"@id\":\"https:\/\/academiaschimbarii.ro\/en\/#website\"},\"primaryImageOfPage\":{\"@id\":\"https:\/\/academiaschimbarii.ro\/en\/mediere-culturala-plus-en\/workshop-4\/#primaryimage\"},\"image\":{\"@id\":\"https:\/\/academiaschimbarii.ro\/en\/mediere-culturala-plus-en\/workshop-4\/#primaryimage\"},\"thumbnailUrl\":\"https:\/\/academiaschimbarii.ro\/wp-content\/uploads\/2021\/12\/Mediere-culturala\u0306_1-v3-share-v2.jpg\",\"datePublished\":\"2022-06-16T13:10:11+00:00\",\"dateModified\":\"2023-08-11T17:52:49+00:00\",\"breadcrumb\":{\"@id\":\"https:\/\/academiaschimbarii.ro\/en\/mediere-culturala-plus-en\/workshop-4\/#breadcrumb\"},\"inLanguage\":\"en-US\",\"potentialAction\":[{\"@type\":\"ReadAction\",\"target\":[\"https:\/\/academiaschimbarii.ro\/en\/mediere-culturala-plus-en\/workshop-4\/\"]}]},{\"@type\":\"ImageObject\",\"inLanguage\":\"en-US\",\"@id\":\"https:\/\/academiaschimbarii.ro\/en\/mediere-culturala-plus-en\/workshop-4\/#primaryimage\",\"url\":\"https:\/\/academiaschimbarii.ro\/wp-content\/uploads\/2021\/12\/Mediere-culturala\u0306_1-v3-share-v2.jpg\",\"contentUrl\":\"https:\/\/academiaschimbarii.ro\/wp-content\/uploads\/2021\/12\/Mediere-culturala\u0306_1-v3-share-v2.jpg\",\"width\":1767,\"height\":967},{\"@type\":\"BreadcrumbList\",\"@id\":\"https:\/\/academiaschimbarii.ro\/en\/mediere-culturala-plus-en\/workshop-4\/#breadcrumb\",\"itemListElement\":[{\"@type\":\"ListItem\",\"position\":1,\"name\":\"Home\",\"item\":\"https:\/\/academiaschimbarii.ro\/en\/\"},{\"@type\":\"ListItem\",\"position\":2,\"name\":\"Mediere culturala plus\",\"item\":\"https:\/\/academiaschimbarii.ro\/en\/mediere-culturala-plus-en\/\"},{\"@type\":\"ListItem\",\"position\":3,\"name\":\"Workshop #4\"}]},{\"@type\":\"WebSite\",\"@id\":\"https:\/\/academiaschimbarii.ro\/en\/#website\",\"url\":\"https:\/\/academiaschimbarii.ro\/en\/\",\"name\":\"Academia Schimb\u0103rii\",\"description\":\"\",\"publisher\":{\"@id\":\"https:\/\/academiaschimbarii.ro\/en\/#organization\"},\"potentialAction\":[{\"@type\":\"SearchAction\",\"target\":{\"@type\":\"EntryPoint\",\"urlTemplate\":\"https:\/\/academiaschimbarii.ro\/en\/?s={search_term_string}\"},\"query-input\":{\"@type\":\"PropertyValueSpecification\",\"valueRequired\":true,\"valueName\":\"search_term_string\"}}],\"inLanguage\":\"en-US\"},{\"@type\":\"Organization\",\"@id\":\"https:\/\/academiaschimbarii.ro\/en\/#organization\",\"name\":\"Academia Schimb\u0103rii\",\"url\":\"https:\/\/academiaschimbarii.ro\/en\/\",\"logo\":{\"@type\":\"ImageObject\",\"inLanguage\":\"en-US\",\"@id\":\"https:\/\/academiaschimbarii.ro\/en\/#\/schema\/logo\/image\/\",\"url\":\"https:\/\/academiaschimbarii.ro\/wp-content\/uploads\/2021\/07\/logo_AS_color.png\",\"contentUrl\":\"https:\/\/academiaschimbarii.ro\/wp-content\/uploads\/2021\/07\/logo_AS_color.png\",\"width\":1565,\"height\":300,\"caption\":\"Academia Schimb\u0103rii\"},\"image\":{\"@id\":\"https:\/\/academiaschimbarii.ro\/en\/#\/schema\/logo\/image\/\"}}]}<\/script>\n<!-- \/ Yoast SEO plugin. -->","yoast_head_json":{"title":"Workshop #4 | Academia Schimb\u0103rii","robots":{"index":"index","follow":"follow","max-snippet":"max-snippet:-1","max-image-preview":"max-image-preview:large","max-video-preview":"max-video-preview:-1"},"canonical":"https:\/\/academiaschimbarii.ro\/en\/mediere-culturala-plus-en\/workshop-4\/","og_locale":"en_US","og_type":"article","og_title":"Workshop #4 | Academia Schimb\u0103rii","og_description":"Workshop #4 You get to understand a subject much better when you present it to others. In school, engaging and empowering children to explain scientific topics to others is recognized as a valuable pedagogical practice. When the teacher collaborates with an artist in an educational team effort, the quality of the results increases. How does&hellip; Continue reading Workshop #4","og_url":"https:\/\/academiaschimbarii.ro\/en\/mediere-culturala-plus-en\/workshop-4\/","og_site_name":"Academia Schimb\u0103rii","article_modified_time":"2023-08-11T17:52:49+00:00","og_image":[{"width":1767,"height":967,"url":"https:\/\/academiaschimbarii.ro\/wp-content\/uploads\/2021\/12\/Mediere-culturala\u0306_1-v3-share-v2.jpg","type":"image\/jpeg"}],"twitter_card":"summary_large_image","twitter_misc":{"Est. reading time":"2 minutes"},"schema":{"@context":"https:\/\/schema.org","@graph":[{"@type":"WebPage","@id":"https:\/\/academiaschimbarii.ro\/en\/mediere-culturala-plus-en\/workshop-4\/","url":"https:\/\/academiaschimbarii.ro\/en\/mediere-culturala-plus-en\/workshop-4\/","name":"Workshop #4 | Academia Schimb\u0103rii","isPartOf":{"@id":"https:\/\/academiaschimbarii.ro\/en\/#website"},"primaryImageOfPage":{"@id":"https:\/\/academiaschimbarii.ro\/en\/mediere-culturala-plus-en\/workshop-4\/#primaryimage"},"image":{"@id":"https:\/\/academiaschimbarii.ro\/en\/mediere-culturala-plus-en\/workshop-4\/#primaryimage"},"thumbnailUrl":"https:\/\/academiaschimbarii.ro\/wp-content\/uploads\/2021\/12\/Mediere-culturala\u0306_1-v3-share-v2.jpg","datePublished":"2022-06-16T13:10:11+00:00","dateModified":"2023-08-11T17:52:49+00:00","breadcrumb":{"@id":"https:\/\/academiaschimbarii.ro\/en\/mediere-culturala-plus-en\/workshop-4\/#breadcrumb"},"inLanguage":"en-US","potentialAction":[{"@type":"ReadAction","target":["https:\/\/academiaschimbarii.ro\/en\/mediere-culturala-plus-en\/workshop-4\/"]}]},{"@type":"ImageObject","inLanguage":"en-US","@id":"https:\/\/academiaschimbarii.ro\/en\/mediere-culturala-plus-en\/workshop-4\/#primaryimage","url":"https:\/\/academiaschimbarii.ro\/wp-content\/uploads\/2021\/12\/Mediere-culturala\u0306_1-v3-share-v2.jpg","contentUrl":"https:\/\/academiaschimbarii.ro\/wp-content\/uploads\/2021\/12\/Mediere-culturala\u0306_1-v3-share-v2.jpg","width":1767,"height":967},{"@type":"BreadcrumbList","@id":"https:\/\/academiaschimbarii.ro\/en\/mediere-culturala-plus-en\/workshop-4\/#breadcrumb","itemListElement":[{"@type":"ListItem","position":1,"name":"Home","item":"https:\/\/academiaschimbarii.ro\/en\/"},{"@type":"ListItem","position":2,"name":"Mediere culturala plus","item":"https:\/\/academiaschimbarii.ro\/en\/mediere-culturala-plus-en\/"},{"@type":"ListItem","position":3,"name":"Workshop #4"}]},{"@type":"WebSite","@id":"https:\/\/academiaschimbarii.ro\/en\/#website","url":"https:\/\/academiaschimbarii.ro\/en\/","name":"Academia Schimb\u0103rii","description":"","publisher":{"@id":"https:\/\/academiaschimbarii.ro\/en\/#organization"},"potentialAction":[{"@type":"SearchAction","target":{"@type":"EntryPoint","urlTemplate":"https:\/\/academiaschimbarii.ro\/en\/?s={search_term_string}"},"query-input":{"@type":"PropertyValueSpecification","valueRequired":true,"valueName":"search_term_string"}}],"inLanguage":"en-US"},{"@type":"Organization","@id":"https:\/\/academiaschimbarii.ro\/en\/#organization","name":"Academia Schimb\u0103rii","url":"https:\/\/academiaschimbarii.ro\/en\/","logo":{"@type":"ImageObject","inLanguage":"en-US","@id":"https:\/\/academiaschimbarii.ro\/en\/#\/schema\/logo\/image\/","url":"https:\/\/academiaschimbarii.ro\/wp-content\/uploads\/2021\/07\/logo_AS_color.png","contentUrl":"https:\/\/academiaschimbarii.ro\/wp-content\/uploads\/2021\/07\/logo_AS_color.png","width":1565,"height":300,"caption":"Academia Schimb\u0103rii"},"image":{"@id":"https:\/\/academiaschimbarii.ro\/en\/#\/schema\/logo\/image\/"}}]}},"_links":{"self":[{"href":"https:\/\/academiaschimbarii.ro\/en\/wp-json\/wp\/v2\/pages\/5875","targetHints":{"allow":["GET"]}}],"collection":[{"href":"https:\/\/academiaschimbarii.ro\/en\/wp-json\/wp\/v2\/pages"}],"about":[{"href":"https:\/\/academiaschimbarii.ro\/en\/wp-json\/wp\/v2\/types\/page"}],"author":[{"embeddable":true,"href":"https:\/\/academiaschimbarii.ro\/en\/wp-json\/wp\/v2\/users\/7"}],"replies":[{"embeddable":true,"href":"https:\/\/academiaschimbarii.ro\/en\/wp-json\/wp\/v2\/comments?post=5875"}],"version-history":[{"count":4,"href":"https:\/\/academiaschimbarii.ro\/en\/wp-json\/wp\/v2\/pages\/5875\/revisions"}],"predecessor-version":[{"id":5879,"href":"https:\/\/academiaschimbarii.ro\/en\/wp-json\/wp\/v2\/pages\/5875\/revisions\/5879"}],"up":[{"embeddable":true,"href":"https:\/\/academiaschimbarii.ro\/en\/wp-json\/wp\/v2\/pages\/5850"}],"wp:featuredmedia":[{"embeddable":true,"href":"https:\/\/academiaschimbarii.ro\/en\/wp-json\/wp\/v2\/media\/5405"}],"wp:attachment":[{"href":"https:\/\/academiaschimbarii.ro\/en\/wp-json\/wp\/v2\/media?parent=5875"}],"curies":[{"name":"wp","href":"https:\/\/api.w.org\/{rel}","templated":true}]}}