{"id":5906,"date":"2022-06-05T14:25:16","date_gmt":"2022-06-05T14:25:16","guid":{"rendered":"https:\/\/academiaschimbarii.ro\/?page_id=5906"},"modified":"2023-08-11T18:19:15","modified_gmt":"2023-08-11T18:19:15","slug":"artisti-impreuna","status":"publish","type":"page","link":"https:\/\/academiaschimbarii.ro\/en\/artisti-impreuna\/","title":{"rendered":"Arti\u0219ti \u00cempreun\u0103"},"content":{"rendered":"\t\t<div data-elementor-type=\"wp-page\" data-elementor-id=\"5906\" class=\"elementor elementor-5906 elementor-3594\" data-elementor-post-type=\"page\">\n\t\t\t\t\t\t<section class=\"elementor-section elementor-top-section elementor-element elementor-element-2bc7f11 elementor-section-stretched elementor-section-boxed elementor-section-height-default elementor-section-height-default\" data-id=\"2bc7f11\" data-element_type=\"section\" data-settings=\"{&quot;stretch_section&quot;:&quot;section-stretched&quot;,&quot;background_background&quot;:&quot;classic&quot;}\">\n\t\t\t\t\t\t<div class=\"elementor-container elementor-column-gap-default\">\n\t\t\t\t\t<div class=\"elementor-column elementor-col-100 elementor-top-column elementor-element elementor-element-69e0ffa\" data-id=\"69e0ffa\" data-element_type=\"column\">\n\t\t\t<div class=\"elementor-widget-wrap elementor-element-populated\">\n\t\t\t\t\t\t<div class=\"elementor-element elementor-element-76a0906 headline-1 elementor-widget elementor-widget-heading\" data-id=\"76a0906\" data-element_type=\"widget\" data-widget_type=\"heading.default\">\n\t\t\t\t<div class=\"elementor-widget-container\">\n\t\t\t<h6 class=\"elementor-heading-title elementor-size-default\">Artists Together\n<\/h6>\t\t<\/div>\n\t\t\t\t<\/div>\n\t\t\t\t<section class=\"elementor-section elementor-inner-section elementor-element elementor-element-daba958 elementor-section-full_width elementor-reverse-tablet elementor-reverse-mobile elementor-section-height-default elementor-section-height-default\" data-id=\"daba958\" data-element_type=\"section\">\n\t\t\t\t\t\t<div class=\"elementor-container elementor-column-gap-default\">\n\t\t\t\t\t<div class=\"elementor-column elementor-col-100 elementor-inner-column elementor-element elementor-element-27a4bd1\" data-id=\"27a4bd1\" data-element_type=\"column\">\n\t\t\t<div class=\"elementor-widget-wrap elementor-element-populated\">\n\t\t\t\t\t\t<div class=\"elementor-element elementor-element-f31f5c1 text-block-1 elementor-widget elementor-widget-text-editor\" data-id=\"f31f5c1\" data-element_type=\"widget\" data-widget_type=\"text-editor.default\">\n\t\t\t\t<div class=\"elementor-widget-container\">\n\t\t\t\t\t\t\t<p><span style=\"font-weight: 400;\">The movement&#8217;s mission is to engage art and artists in an effort to inform and raise awareness among the Romanian public about the importance of following the rules and recommendations communicated by the authorities during the state of emergency generated by the coronavirus pandemic, as well as to contribute to informing the population about relevant factual data in the context of the current situation.<\/span><\/p>\t\t\t\t\t\t<\/div>\n\t\t\t\t<\/div>\n\t\t\t\t<div class=\"elementor-element elementor-element-17c04dd text-block-1 elementor-widget elementor-widget-text-editor\" data-id=\"17c04dd\" data-element_type=\"widget\" data-widget_type=\"text-editor.default\">\n\t\t\t\t<div class=\"elementor-widget-container\">\n\t\t\t\t\t\t\t<p><span style=\"font-weight: 400;\">The &#8220;Artists Together&#8221; movement was born in the first week after the declaration of the national state of emergency due to the COVID-19 pandemic, with the aim of supporting the information campaign initiated by the Ministry of Health and the Strategic Communication Group of the Government of Romania, with the support of the Romanian Observatory Health.<\/span><\/p>\t\t\t\t\t\t<\/div>\n\t\t\t\t<\/div>\n\t\t\t\t<div class=\"elementor-element elementor-element-368fe30 text-block-1 elementor-widget elementor-widget-text-editor\" data-id=\"368fe30\" data-element_type=\"widget\" data-widget_type=\"text-editor.default\">\n\t\t\t\t<div class=\"elementor-widget-container\">\n\t\t\t\t\t\t\t<p><span style=\"font-weight: 400;\">In 2020, we launched the artistiimpreuna.ro platform, where more than 450 work proposals from the whole country were registered, and of these 45 were selected to be financed. Each selected artist received 300 euros for the work done, the aim of the movement being also to offer a minimum of support to independent artists strongly affected financially by this crisis. The campaign was complemented by an exhibition at TIFF (August 2020) and a partnership to carry out a similar campaign in the city of Faro in Portugal.<\/span><\/p>\t\t\t\t\t\t<\/div>\n\t\t\t\t<\/div>\n\t\t\t\t<div class=\"elementor-element elementor-element-863cf48 link-1 elementor-widget elementor-widget-heading\" data-id=\"863cf48\" data-element_type=\"widget\" data-widget_type=\"heading.default\">\n\t\t\t\t<div class=\"elementor-widget-container\">\n\t\t\t<span class=\"elementor-heading-title elementor-size-default\"><a href=\"https:\/\/artistiimpreuna.ro\/\" target=\"_blank\">www.artistiimpreuna.ro<\/a><\/span>\t\t<\/div>\n\t\t\t\t<\/div>\n\t\t\t\t\t<\/div>\n\t\t<\/div>\n\t\t\t\t\t<\/div>\n\t\t<\/section>\n\t\t\t\t\t<\/div>\n\t\t<\/div>\n\t\t\t\t\t<\/div>\n\t\t<\/section>\n\t\t\t\t<\/div>\n\t\t","protected":false},"excerpt":{"rendered":"<p>Artists Together The movement&#8217;s mission is to engage art and artists in an effort to inform and raise awareness among the Romanian public about the importance of following the rules and recommendations communicated by the authorities during the state of emergency generated by the coronavirus pandemic, as well as to contribute to informing the population&hellip; <a class=\"more-link\" href=\"https:\/\/academiaschimbarii.ro\/en\/artisti-impreuna\/\">Continue reading <span class=\"screen-reader-text\">Arti\u0219ti \u00cempreun\u0103<\/span><\/a><\/p>\n","protected":false},"author":7,"featured_media":0,"parent":0,"menu_order":0,"comment_status":"closed","ping_status":"closed","template":"elementor_header_footer","meta":{"_acf_changed":false,"_monsterinsights_skip_tracking":false,"_monsterinsights_sitenote_active":false,"_monsterinsights_sitenote_note":"","_monsterinsights_sitenote_category":0,"footnotes":""},"class_list":["post-5906","page","type-page","status-publish","hentry","entry"],"acf":[],"yoast_head":"<!-- This site is optimized with the Yoast SEO plugin v23.4 - https:\/\/yoast.com\/wordpress\/plugins\/seo\/ -->\n<title>Arti\u0219ti \u00cempreun\u0103 | Academia Schimb\u0103rii<\/title>\n<meta name=\"robots\" content=\"index, follow, max-snippet:-1, max-image-preview:large, max-video-preview:-1\" \/>\n<link rel=\"canonical\" href=\"https:\/\/academiaschimbarii.ro\/en\/artisti-impreuna\/\" \/>\n<meta property=\"og:locale\" content=\"en_US\" \/>\n<meta property=\"og:type\" content=\"article\" \/>\n<meta property=\"og:title\" content=\"Arti\u0219ti \u00cempreun\u0103 | Academia Schimb\u0103rii\" \/>\n<meta property=\"og:description\" content=\"Artists Together The movement&#8217;s mission is to engage art and artists in an effort to inform and raise awareness among the Romanian public about the importance of following the rules and recommendations communicated by the authorities during the state of emergency generated by the coronavirus pandemic, as well as to contribute to informing the population&hellip; Continue reading Arti\u0219ti \u00cempreun\u0103\" \/>\n<meta property=\"og:url\" content=\"https:\/\/academiaschimbarii.ro\/en\/artisti-impreuna\/\" \/>\n<meta property=\"og:site_name\" content=\"Academia Schimb\u0103rii\" \/>\n<meta property=\"article:modified_time\" content=\"2023-08-11T18:19:15+00:00\" \/>\n<meta name=\"twitter:card\" content=\"summary_large_image\" \/>\n<meta name=\"twitter:label1\" content=\"Est. reading time\" \/>\n\t<meta name=\"twitter:data1\" content=\"1 minute\" \/>\n<script type=\"application\/ld+json\" class=\"yoast-schema-graph\">{\"@context\":\"https:\/\/schema.org\",\"@graph\":[{\"@type\":\"WebPage\",\"@id\":\"https:\/\/academiaschimbarii.ro\/en\/artisti-impreuna\/\",\"url\":\"https:\/\/academiaschimbarii.ro\/en\/artisti-impreuna\/\",\"name\":\"Arti\u0219ti \u00cempreun\u0103 | Academia Schimb\u0103rii\",\"isPartOf\":{\"@id\":\"https:\/\/academiaschimbarii.ro\/en\/#website\"},\"datePublished\":\"2022-06-05T14:25:16+00:00\",\"dateModified\":\"2023-08-11T18:19:15+00:00\",\"breadcrumb\":{\"@id\":\"https:\/\/academiaschimbarii.ro\/en\/artisti-impreuna\/#breadcrumb\"},\"inLanguage\":\"en-US\",\"potentialAction\":[{\"@type\":\"ReadAction\",\"target\":[\"https:\/\/academiaschimbarii.ro\/en\/artisti-impreuna\/\"]}]},{\"@type\":\"BreadcrumbList\",\"@id\":\"https:\/\/academiaschimbarii.ro\/en\/artisti-impreuna\/#breadcrumb\",\"itemListElement\":[{\"@type\":\"ListItem\",\"position\":1,\"name\":\"Home\",\"item\":\"https:\/\/academiaschimbarii.ro\/en\/\"},{\"@type\":\"ListItem\",\"position\":2,\"name\":\"Arti\u0219ti \u00cempreun\u0103\"}]},{\"@type\":\"WebSite\",\"@id\":\"https:\/\/academiaschimbarii.ro\/en\/#website\",\"url\":\"https:\/\/academiaschimbarii.ro\/en\/\",\"name\":\"Academia Schimb\u0103rii\",\"description\":\"\",\"publisher\":{\"@id\":\"https:\/\/academiaschimbarii.ro\/en\/#organization\"},\"potentialAction\":[{\"@type\":\"SearchAction\",\"target\":{\"@type\":\"EntryPoint\",\"urlTemplate\":\"https:\/\/academiaschimbarii.ro\/en\/?s={search_term_string}\"},\"query-input\":{\"@type\":\"PropertyValueSpecification\",\"valueRequired\":true,\"valueName\":\"search_term_string\"}}],\"inLanguage\":\"en-US\"},{\"@type\":\"Organization\",\"@id\":\"https:\/\/academiaschimbarii.ro\/en\/#organization\",\"name\":\"Academia Schimb\u0103rii\",\"url\":\"https:\/\/academiaschimbarii.ro\/en\/\",\"logo\":{\"@type\":\"ImageObject\",\"inLanguage\":\"en-US\",\"@id\":\"https:\/\/academiaschimbarii.ro\/en\/#\/schema\/logo\/image\/\",\"url\":\"https:\/\/academiaschimbarii.ro\/wp-content\/uploads\/2021\/07\/logo_AS_color.png\",\"contentUrl\":\"https:\/\/academiaschimbarii.ro\/wp-content\/uploads\/2021\/07\/logo_AS_color.png\",\"width\":1565,\"height\":300,\"caption\":\"Academia Schimb\u0103rii\"},\"image\":{\"@id\":\"https:\/\/academiaschimbarii.ro\/en\/#\/schema\/logo\/image\/\"}}]}<\/script>\n<!-- \/ Yoast SEO plugin. -->","yoast_head_json":{"title":"Arti\u0219ti \u00cempreun\u0103 | Academia Schimb\u0103rii","robots":{"index":"index","follow":"follow","max-snippet":"max-snippet:-1","max-image-preview":"max-image-preview:large","max-video-preview":"max-video-preview:-1"},"canonical":"https:\/\/academiaschimbarii.ro\/en\/artisti-impreuna\/","og_locale":"en_US","og_type":"article","og_title":"Arti\u0219ti \u00cempreun\u0103 | Academia Schimb\u0103rii","og_description":"Artists Together The movement&#8217;s mission is to engage art and artists in an effort to inform and raise awareness among the Romanian public about the importance of following the rules and recommendations communicated by the authorities during the state of emergency generated by the coronavirus pandemic, as well as to contribute to informing the population&hellip; Continue reading Arti\u0219ti \u00cempreun\u0103","og_url":"https:\/\/academiaschimbarii.ro\/en\/artisti-impreuna\/","og_site_name":"Academia Schimb\u0103rii","article_modified_time":"2023-08-11T18:19:15+00:00","twitter_card":"summary_large_image","twitter_misc":{"Est. reading time":"1 minute"},"schema":{"@context":"https:\/\/schema.org","@graph":[{"@type":"WebPage","@id":"https:\/\/academiaschimbarii.ro\/en\/artisti-impreuna\/","url":"https:\/\/academiaschimbarii.ro\/en\/artisti-impreuna\/","name":"Arti\u0219ti \u00cempreun\u0103 | Academia Schimb\u0103rii","isPartOf":{"@id":"https:\/\/academiaschimbarii.ro\/en\/#website"},"datePublished":"2022-06-05T14:25:16+00:00","dateModified":"2023-08-11T18:19:15+00:00","breadcrumb":{"@id":"https:\/\/academiaschimbarii.ro\/en\/artisti-impreuna\/#breadcrumb"},"inLanguage":"en-US","potentialAction":[{"@type":"ReadAction","target":["https:\/\/academiaschimbarii.ro\/en\/artisti-impreuna\/"]}]},{"@type":"BreadcrumbList","@id":"https:\/\/academiaschimbarii.ro\/en\/artisti-impreuna\/#breadcrumb","itemListElement":[{"@type":"ListItem","position":1,"name":"Home","item":"https:\/\/academiaschimbarii.ro\/en\/"},{"@type":"ListItem","position":2,"name":"Arti\u0219ti \u00cempreun\u0103"}]},{"@type":"WebSite","@id":"https:\/\/academiaschimbarii.ro\/en\/#website","url":"https:\/\/academiaschimbarii.ro\/en\/","name":"Academia Schimb\u0103rii","description":"","publisher":{"@id":"https:\/\/academiaschimbarii.ro\/en\/#organization"},"potentialAction":[{"@type":"SearchAction","target":{"@type":"EntryPoint","urlTemplate":"https:\/\/academiaschimbarii.ro\/en\/?s={search_term_string}"},"query-input":{"@type":"PropertyValueSpecification","valueRequired":true,"valueName":"search_term_string"}}],"inLanguage":"en-US"},{"@type":"Organization","@id":"https:\/\/academiaschimbarii.ro\/en\/#organization","name":"Academia Schimb\u0103rii","url":"https:\/\/academiaschimbarii.ro\/en\/","logo":{"@type":"ImageObject","inLanguage":"en-US","@id":"https:\/\/academiaschimbarii.ro\/en\/#\/schema\/logo\/image\/","url":"https:\/\/academiaschimbarii.ro\/wp-content\/uploads\/2021\/07\/logo_AS_color.png","contentUrl":"https:\/\/academiaschimbarii.ro\/wp-content\/uploads\/2021\/07\/logo_AS_color.png","width":1565,"height":300,"caption":"Academia Schimb\u0103rii"},"image":{"@id":"https:\/\/academiaschimbarii.ro\/en\/#\/schema\/logo\/image\/"}}]}},"_links":{"self":[{"href":"https:\/\/academiaschimbarii.ro\/en\/wp-json\/wp\/v2\/pages\/5906","targetHints":{"allow":["GET"]}}],"collection":[{"href":"https:\/\/academiaschimbarii.ro\/en\/wp-json\/wp\/v2\/pages"}],"about":[{"href":"https:\/\/academiaschimbarii.ro\/en\/wp-json\/wp\/v2\/types\/page"}],"author":[{"embeddable":true,"href":"https:\/\/academiaschimbarii.ro\/en\/wp-json\/wp\/v2\/users\/7"}],"replies":[{"embeddable":true,"href":"https:\/\/academiaschimbarii.ro\/en\/wp-json\/wp\/v2\/comments?post=5906"}],"version-history":[{"count":4,"href":"https:\/\/academiaschimbarii.ro\/en\/wp-json\/wp\/v2\/pages\/5906\/revisions"}],"predecessor-version":[{"id":5910,"href":"https:\/\/academiaschimbarii.ro\/en\/wp-json\/wp\/v2\/pages\/5906\/revisions\/5910"}],"wp:attachment":[{"href":"https:\/\/academiaschimbarii.ro\/en\/wp-json\/wp\/v2\/media?parent=5906"}],"curies":[{"name":"wp","href":"https:\/\/api.w.org\/{rel}","templated":true}]}}